{"id":3155,"date":"2025-09-28T17:46:24","date_gmt":"2025-09-28T17:46:24","guid":{"rendered":"https:\/\/ehrlichvietnam.vn\/?post_type=product&#038;p=3155"},"modified":"2026-04-06T09:05:10","modified_gmt":"2026-04-06T09:05:10","slug":"chau-lavabo-chan-lung-lb863-lc","status":"publish","type":"product","link":"https:\/\/ehrlichvietnam.vn\/chau-lavabo-chan-lung-lb863-lc\/","title":{"rendered":"Ch\u1eadu lavabo li\u1ec1n ch\u00e2n LB863-LC"},"content":{"rendered":"<h2 data-start=\"100\" data-end=\"149\">\ud83d\udebf Ch\u1eadu treo Ehrlich<\/h2>\n<p data-start=\"151\" data-end=\"444\"><strong data-start=\"151\" data-end=\"185\">Ch\u1eadu treo lavabo Ehrlich<\/strong> l\u00e0 l\u1ef1a ch\u1ecdn l\u00fd t\u01b0\u1edfng cho nh\u1eefng kh\u00f4ng gian ph\u00f2ng t\u1eafm hi\u1ec7n \u0111\u1ea1i, t\u1ed1i \u01b0u di\u1ec7n t\u00edch nh\u01b0ng v\u1eabn \u0111\u1ea3m b\u1ea3o s\u1ef1 ti\u1ec7n nghi v\u00e0 sang tr\u1ecdng. S\u1ea3n ph\u1ea9m \u0111\u01b0\u1ee3c l\u00e0m t\u1eeb <strong data-start=\"332\" data-end=\"379\">s\u1ee9 tr\u00e1ng men Aquaceramic kh\u00e1ng khu\u1ea9n<\/strong>, b\u1ec1 m\u1eb7t s\u00e1ng b\u00f3ng, ch\u1ed1ng b\u00e1m b\u1ea9n v\u00e0 d\u1ec5 d\u00e0ng v\u1ec7 sinh h\u1eb1ng ng\u00e0y.<\/p>\n<p data-start=\"446\" data-end=\"681\">Thi\u1ebft k\u1ebf <strong data-start=\"455\" data-end=\"477\">treo t\u01b0\u1eddng nh\u1ecf g\u1ecdn<\/strong> gi\u00fap ti\u1ebft ki\u1ec7m kh\u00f4ng gian, ph\u00f9 h\u1ee3p v\u1edbi <strong data-start=\"517\" data-end=\"564\">chung c\u01b0 mini, nh\u00e0 ph\u1ed1, kh\u00e1ch s\u1ea1n, homestay<\/strong>. \u0110\u01b0\u1eddng n\u00e9t tinh t\u1ebf, bo vi\u1ec1n m\u1ec1m m\u1ea1i k\u1ebft h\u1ee3p phong c\u00e1ch chu\u1ea9n \u0110\u1ee9c, mang l\u1ea1i s\u1ef1 h\u00e0i h\u00f2a cho m\u1ecdi phong c\u00e1ch n\u1ed9i th\u1ea5t.<\/p>\n<p data-start=\"683\" data-end=\"875\">\ud83d\udc49 <strong data-start=\"686\" data-end=\"715\">Lavabo treo t\u01b0\u1eddng Ehrlich<\/strong> kh\u00f4ng ch\u1ec9 ti\u1ec7n d\u1ee5ng m\u00e0 c\u00f2n l\u00e0 <strong data-start=\"746\" data-end=\"767\">gi\u1ea3i ph\u00e1p th\u1ea9m m\u1ef9<\/strong> cho nh\u1eefng ph\u00f2ng t\u1eafm c\u1ea7n t\u1ed1i \u01b0u kh\u00f4ng gian, mang \u0111\u1ebfn tr\u1ea3i nghi\u1ec7m tho\u1ea3i m\u00e1i v\u00e0 \u0111\u1eb3ng c\u1ea5p h\u01a1n cho ng\u01b0\u1eddi d\u00f9ng.<\/p>\n","protected":false},"excerpt":{"rendered":"<p>\u2728 <strong data-start=\"96\" data-end=\"125\">Lavabo treo t\u01b0\u1eddng Ehrlich<\/strong> nh\u1ecf g\u1ecdn \u2013 sang tr\u1ecdng, l\u00e0m t\u1eeb s\u1ee9 cao c\u1ea5p ph\u1ee7 men Aquaceramic kh\u00e1ng khu\u1ea9n, ch\u1ed1ng b\u00e1m b\u1ea9n, d\u1ec5 v\u1ec7 sinh. Gi\u1ea3i ph\u00e1p t\u1ed1i \u01b0u cho ph\u00f2ng t\u1eafm hi\u1ec7n \u0111\u1ea1i.<\/p>\n","protected":false},"featured_media":3148,"comment_status":"open","ping_status":"closed","template":"","meta":{"_acf_changed":false},"product_brand":[139],"product_cat":[23,15,36],"product_tag":[],"class_list":{"0":"post-3155","1":"product","2":"type-product","3":"status-publish","4":"has-post-thumbnail","6":"product_brand-ehrlich","7":"product_cat-thiet-bi-phong-ve-sinh","8":"product_cat-san-pham","9":"product_cat-chau-lavabo","11":"first","12":"instock","13":"sale","14":"shipping-taxable","15":"purchasable","16":"product-type-simple"},"acf":[],"_links":{"self":[{"href":"https:\/\/ehrlichvietnam.vn\/en\/wp-json\/wp\/v2\/product\/3155","targetHints":{"allow":["GET"]}}],"collection":[{"href":"https:\/\/ehrlichvietnam.vn\/en\/wp-json\/wp\/v2\/product"}],"about":[{"href":"https:\/\/ehrlichvietnam.vn\/en\/wp-json\/wp\/v2\/types\/product"}],"replies":[{"embeddable":true,"href":"https:\/\/ehrlichvietnam.vn\/en\/wp-json\/wp\/v2\/comments?post=3155"}],"wp:featuredmedia":[{"embeddable":true,"href":"https:\/\/ehrlichvietnam.vn\/en\/wp-json\/wp\/v2\/media\/3148"}],"wp:attachment":[{"href":"https:\/\/ehrlichvietnam.vn\/en\/wp-json\/wp\/v2\/media?parent=3155"}],"wp:term":[{"taxonomy":"product_brand","embeddable":true,"href":"https:\/\/ehrlichvietnam.vn\/en\/wp-json\/wp\/v2\/product_brand?post=3155"},{"taxonomy":"product_cat","embeddable":true,"href":"https:\/\/ehrlichvietnam.vn\/en\/wp-json\/wp\/v2\/product_cat?post=3155"},{"taxonomy":"product_tag","embeddable":true,"href":"https:\/\/ehrlichvietnam.vn\/en\/wp-json\/wp\/v2\/product_tag?post=3155"}],"curies":[{"name":"wp","href":"https:\/\/api.w.org\/{rel}","templated":true}]}}