{"id":2635,"date":"2025-09-25T08:58:03","date_gmt":"2025-09-25T08:58:03","guid":{"rendered":"https:\/\/ehrlichvietnam.vn\/?post_type=product&#038;p=2635"},"modified":"2026-04-06T09:00:47","modified_gmt":"2026-04-06T09:00:47","slug":"sen-cay-cong-trinh-ehr-sc619ct","status":"publish","type":"product","link":"https:\/\/ehrlichvietnam.vn\/sen-cay-cong-trinh-ehr-sc619ct\/","title":{"rendered":"Sen c\u00e2y c\u00f4ng tr\u00ecnh  EHR-SC619CT"},"content":{"rendered":"<h2 data-start=\"155\" data-end=\"234\">Sen c\u00e2y \u0111\u1ed3ng m\u1ea1 Chrome c\u00f4ng tr\u00ecnh \u2013 Gi\u1ea3i ph\u00e1p b\u1ec1n b\u1ec9 &amp; ti\u1ebft ki\u1ec7m cho d\u1ef1 \u00e1n<\/h2>\n<p data-start=\"236\" data-end=\"427\">Sen c\u00e2y \u0111\u1ed3ng m\u1ea1 Chrome c\u00f4ng tr\u00ecnh c\u1ee7a Ehrlich \u2013 ch\u1ea5t li\u1ec7u \u0111\u1ed3ng\u00a0 m\u1ea1 Chrome s\u00e1ng b\u00f3ng, \u0111\u1ed9 b\u1ec1n cao, gi\u00e1 th\u00e0nh h\u1ee3p l\u00fd, t\u1ed1i \u01b0u cho nh\u00e0 th\u1ea7u &amp; c\u00f4ng tr\u00ecnh.<\/p>\n<h3 data-start=\"429\" data-end=\"454\">Gi\u1edbi thi\u1ec7u s\u1ea3n ph\u1ea9m<\/h3>\n<p data-start=\"455\" data-end=\"765\">D\u00f2ng <strong data-start=\"460\" data-end=\"509\">sen c\u00e2y \u0111\u1ed3ng m\u1ea1 Chrome c\u00f4ng tr\u00ecnh c\u1ee7a Ehrlich<\/strong> \u0111\u01b0\u1ee3c thi\u1ebft k\u1ebf chuy\u00ean bi\u1ec7t cho nhu c\u1ea7u l\u1eafp \u0111\u1eb7t d\u1ef1 \u00e1n, c\u00f4ng tr\u00ecnh, kh\u00e1ch s\u1ea1n, chung c\u01b0 v\u00e0 nh\u00e0 ph\u1ed1. S\u1ea3n ph\u1ea9m ch\u1ebf t\u00e1c t\u1eeb <strong data-start=\"627\" data-end=\"657\">\u0111\u1ed3ng m\u1ea1 Chrome<\/strong> cao c\u1ea5p, \u0111\u1ea3m b\u1ea3o \u0111\u1ed9 s\u00e1ng b\u00f3ng, ch\u1ed1ng oxy h\u00f3a, ch\u1ed1ng g\u1ec9 s\u00e9t, \u0111\u00e1p \u1ee9ng c\u01b0\u1eddng \u0111\u1ed9 s\u1eed d\u1ee5ng cao trong nhi\u1ec1u n\u0103m.<\/p>\n<h3 data-start=\"767\" data-end=\"788\">\u01afu \u0111i\u1ec3m n\u1ed5i b\u1eadt<\/h3>\n<ul data-start=\"789\" data-end=\"1190\">\n<li data-start=\"789\" data-end=\"856\">\n<p data-start=\"791\" data-end=\"856\"><strong data-start=\"791\" data-end=\"805\">Ch\u1ea5t li\u1ec7u:<\/strong> \u0110\u1ed3ng\u00a0 m\u1ea1 Chrome \u2013 ch\u1eafc ch\u1eafn, b\u1ec1n \u0111\u1eb9p.<\/p>\n<\/li>\n<li data-start=\"857\" data-end=\"946\">\n<p data-start=\"859\" data-end=\"946\"><strong data-start=\"859\" data-end=\"870\">\u0110\u1ed9 b\u1ec1n:<\/strong> Kh\u1ea3 n\u0103ng ch\u1ed1ng m\u00e0i m\u00f2n, ch\u1ed1ng bong tr\u00f3c, th\u00edch h\u1ee3p cho m\u00f4i tr\u01b0\u1eddng \u1ea9m \u01b0\u1edbt.<\/p>\n<\/li>\n<li data-start=\"947\" data-end=\"1017\">\n<p data-start=\"949\" data-end=\"1017\"><strong data-start=\"949\" data-end=\"962\">Thi\u1ebft k\u1ebf:<\/strong> G\u1ecdn g\u00e0ng, d\u1ec5 l\u1eafp \u0111\u1eb7t, ph\u00f9 h\u1ee3p ti\u00eau chu\u1ea9n c\u00f4ng tr\u00ecnh.<\/p>\n<\/li>\n<li data-start=\"1018\" data-end=\"1119\">\n<p data-start=\"1020\" data-end=\"1119\"><strong data-start=\"1020\" data-end=\"1034\">C\u00f4ng n\u0103ng:<\/strong> Tay g\u1ea1t nh\u1ea1y, d\u1ec5 ch\u1ec9nh l\u01b0u l\u01b0\u1ee3ng v\u00e0 nhi\u1ec7t \u0111\u1ed9 n\u01b0\u1edbc, mang l\u1ea1i tr\u1ea3i nghi\u1ec7m tho\u1ea3i m\u00e1i.<\/p>\n<\/li>\n<li data-start=\"1120\" data-end=\"1190\">\n<p data-start=\"1122\" data-end=\"1190\"><strong data-start=\"1122\" data-end=\"1134\">Kinh t\u1ebf:<\/strong> Gi\u00e1 th\u00e0nh h\u1ee3p l\u00fd, t\u1ed1i \u01b0u chi ph\u00ed \u0111\u1ea7u t\u01b0 cho nh\u00e0 th\u1ea7u.<\/p>\n<\/li>\n<\/ul>\n<h3 data-start=\"1192\" data-end=\"1206\">\u1ee8ng d\u1ee5ng<\/h3>\n<ul data-start=\"1207\" data-end=\"1338\">\n<li data-start=\"1207\" data-end=\"1242\">\n<p data-start=\"1209\" data-end=\"1242\">Chung c\u01b0 mini, c\u0103n h\u1ed9 cao t\u1ea7ng.<\/p>\n<\/li>\n<li data-start=\"1243\" data-end=\"1264\">\n<p data-start=\"1245\" data-end=\"1264\">Nh\u00e0 ph\u1ed1, li\u1ec1n k\u1ec1.<\/p>\n<\/li>\n<li data-start=\"1265\" data-end=\"1295\">\n<p data-start=\"1267\" data-end=\"1295\">Kh\u00e1ch s\u1ea1n, khu ngh\u1ec9 d\u01b0\u1ee1ng.<\/p>\n<\/li>\n<li data-start=\"1296\" data-end=\"1338\">\n<p data-start=\"1298\" data-end=\"1338\">C\u00e1c c\u00f4ng tr\u00ecnh d\u00e2n d\u1ee5ng v\u00e0 th\u01b0\u01a1ng m\u1ea1i.<\/p>\n<\/li>\n<\/ul>\n<p data-start=\"1340\" data-end=\"1490\">\ud83d\udc49 <strong data-start=\"1343\" data-end=\"1388\">Sen c\u00e2y \u0111\u1ed3ng m\u1ea1 Chrome c\u00f4ng tr\u00ecnh Ehrlich<\/strong> l\u00e0 l\u1ef1a ch\u1ecdn l\u00fd t\u01b0\u1edfng cho nh\u00e0 th\u1ea7u mu\u1ed1n v\u1eeba \u0111\u1ea3m b\u1ea3o ch\u1ea5t l\u01b0\u1ee3ng b\u1ec1n b\u1ec9, v\u1eeba t\u1ed1i \u01b0u chi ph\u00ed cho d\u1ef1 \u00e1n.<\/p>\n","protected":false},"excerpt":{"rendered":"<p data-start=\"143\" data-end=\"366\"><strong data-start=\"138\" data-end=\"183\">Sen c\u00e2y \u0111\u1ed3ng m\u1ea1 Chrome c\u00f4ng tr\u00ecnh Ehrlich<\/strong> \u0111\u01b0\u1ee3c ch\u1ebf t\u00e1c t\u1eeb \u0111\u1ed3ng m\u1ea1 Chrome s\u00e1ng b\u00f3ng, ch\u1ed1ng g\u1ec9 s\u00e9t v\u00e0 ch\u1ed1ng oxy h\u00f3a hi\u1ec7u qu\u1ea3. V\u1edbi thi\u1ebft k\u1ebf g\u1ecdn g\u00e0ng, d\u1ec5 l\u1eafp \u0111\u1eb7t v\u00e0 kh\u1ea3 n\u0103ng ch\u1ecbu s\u1eed d\u1ee5ng c\u01b0\u1eddng \u0111\u1ed9 cao, s\u1ea3n ph\u1ea9m l\u00e0 gi\u1ea3i ph\u00e1p t\u1ed1i \u01b0u cho c\u00e1c d\u1ef1 \u00e1n chung c\u01b0, nh\u00e0 ph\u1ed1, kh\u00e1ch s\u1ea1n hay c\u00f4ng tr\u00ecnh d\u00e2n d\u1ee5ng, v\u1eeba \u0111\u1ea3m b\u1ea3o ch\u1ea5t l\u01b0\u1ee3ng b\u1ec1n b\u1ec9 v\u1eeba ti\u1ebft ki\u1ec7m chi ph\u00ed \u0111\u1ea7u t\u01b0.<\/p>\n","protected":false},"featured_media":2326,"comment_status":"open","ping_status":"closed","template":"","meta":{"_acf_changed":false},"product_brand":[139],"product_cat":[23,15,33],"product_tag":[],"class_list":{"0":"post-2635","1":"product","2":"type-product","3":"status-publish","4":"has-post-thumbnail","6":"product_brand-ehrlich","7":"product_cat-thiet-bi-phong-ve-sinh","8":"product_cat-san-pham","9":"product_cat-sen-cay","11":"first","12":"instock","13":"sale","14":"shipping-taxable","15":"purchasable","16":"product-type-simple"},"acf":[],"_links":{"self":[{"href":"https:\/\/ehrlichvietnam.vn\/en\/wp-json\/wp\/v2\/product\/2635","targetHints":{"allow":["GET"]}}],"collection":[{"href":"https:\/\/ehrlichvietnam.vn\/en\/wp-json\/wp\/v2\/product"}],"about":[{"href":"https:\/\/ehrlichvietnam.vn\/en\/wp-json\/wp\/v2\/types\/product"}],"replies":[{"embeddable":true,"href":"https:\/\/ehrlichvietnam.vn\/en\/wp-json\/wp\/v2\/comments?post=2635"}],"wp:featuredmedia":[{"embeddable":true,"href":"https:\/\/ehrlichvietnam.vn\/en\/wp-json\/wp\/v2\/media\/2326"}],"wp:attachment":[{"href":"https:\/\/ehrlichvietnam.vn\/en\/wp-json\/wp\/v2\/media?parent=2635"}],"wp:term":[{"taxonomy":"product_brand","embeddable":true,"href":"https:\/\/ehrlichvietnam.vn\/en\/wp-json\/wp\/v2\/product_brand?post=2635"},{"taxonomy":"product_cat","embeddable":true,"href":"https:\/\/ehrlichvietnam.vn\/en\/wp-json\/wp\/v2\/product_cat?post=2635"},{"taxonomy":"product_tag","embeddable":true,"href":"https:\/\/ehrlichvietnam.vn\/en\/wp-json\/wp\/v2\/product_tag?post=2635"}],"curies":[{"name":"wp","href":"https:\/\/api.w.org\/{rel}","templated":true}]}}