{"id":2334,"date":"2025-09-24T04:13:14","date_gmt":"2025-09-24T04:13:14","guid":{"rendered":"https:\/\/ehrlichvietnam.vn\/?post_type=product&#038;p=2334"},"modified":"2026-04-06T09:00:47","modified_gmt":"2026-04-06T09:00:47","slug":"sen-cay-ehr-sc30421l","status":"publish","type":"product","link":"https:\/\/ehrlichvietnam.vn\/sen-cay-ehr-sc30421l\/","title":{"rendered":"Sen c\u00e2y  EHR-SC30421L"},"content":{"rendered":"<h2 data-start=\"121\" data-end=\"212\">Sen c\u00e2y inox 304 \u0111\u00e1nh b\u00f3ng cao c\u1ea5p Ehrlich \u2013 B\u1ec1n \u0111\u1eb9p, sang tr\u1ecdng, chu\u1ea9n phong c\u00e1ch \u0110\u1ee9c<\/h2>\n<p data-start=\"214\" data-end=\"488\">Sen c\u00e2y inox 304 \u0111\u00e1nh b\u00f3ng cao c\u1ea5p c\u1ee7a <strong data-start=\"253\" data-end=\"264\">Ehrlich<\/strong> l\u00e0 l\u1ef1a ch\u1ecdn ho\u00e0n h\u1ea3o cho kh\u00f4ng gian t\u1eafm hi\u1ec7n \u0111\u1ea1i. \u0110\u01b0\u1ee3c ch\u1ebf t\u00e1c t\u1eeb <strong data-start=\"331\" data-end=\"355\">inox 304<\/strong>, s\u1ea3n ph\u1ea9m c\u00f3 kh\u1ea3 n\u0103ng <strong data-start=\"378\" data-end=\"422\">ch\u1ed1ng g\u1ec9 s\u00e9t, ch\u1ed1ng \u0103n m\u00f2n, ch\u1ecbu l\u1ef1c t\u1ed1t<\/strong>, gi\u1eef \u0111\u01b0\u1ee3c \u0111\u1ed9 s\u00e1ng b\u00f3ng l\u00e2u d\u00e0i ngay c\u1ea3 trong m\u00f4i tr\u01b0\u1eddng \u1ea9m \u01b0\u1edbt.<\/p>\n<p data-start=\"490\" data-end=\"731\">Thi\u1ebft k\u1ebf <strong data-start=\"499\" data-end=\"555\">th\u00e2n sen thanh tho\u00e1t, b\u1ec1 m\u1eb7t \u0111\u00e1nh b\u00f3ng cao c\u1ea5p<\/strong> mang l\u1ea1i v\u1ebb sang tr\u1ecdng, d\u1ec5 d\u00e0ng ph\u1ed1i h\u1ee3p v\u1edbi m\u1ecdi phong c\u00e1ch ph\u00f2ng t\u1eafm. Tay sen v\u00e0 b\u00e1t sen mang \u0111\u1ebfn tr\u1ea3i nghi\u1ec7m t\u1eafm th\u01b0 gi\u00e3n, d\u00f2ng n\u01b0\u1edbc m\u1ea1nh m\u1ebd nh\u01b0ng \u00eam \u00e1i.<\/p>\n<h3 data-start=\"733\" data-end=\"755\">\u01afu \u0111i\u1ec3m n\u1ed5i b\u1eadt:<\/h3>\n<ul data-start=\"756\" data-end=\"1136\">\n<li data-start=\"756\" data-end=\"833\">\n<p data-start=\"758\" data-end=\"833\"><strong data-start=\"758\" data-end=\"788\">Ch\u1ea5t li\u1ec7u inox 304 cao c\u1ea5p<\/strong>: an to\u00e0n cho s\u1ee9c kh\u1ecfe, ch\u1ed1ng g\u1ec9 tuy\u1ec7t \u0111\u1ed1i.<\/p>\n<\/li>\n<li data-start=\"834\" data-end=\"916\">\n<p data-start=\"836\" data-end=\"916\"><strong data-start=\"836\" data-end=\"865\">B\u1ec1 m\u1eb7t \u0111\u00e1nh b\u00f3ng<\/strong>: s\u00e1ng b\u00f3ng, ch\u1ed1ng b\u00e1m b\u1ea9n, d\u1ec5 v\u1ec7 sinh.<\/p>\n<\/li>\n<li data-start=\"917\" data-end=\"987\">\n<p data-start=\"919\" data-end=\"987\"><strong data-start=\"919\" data-end=\"950\">Thi\u1ebft k\u1ebf sang tr\u1ecdng, b\u1ec1n b\u1ec9<\/strong>: phong c\u00e1ch t\u1ed1i gi\u1ea3n \u0111\u1eadm ch\u1ea5t \u0110\u1ee9c.<\/p>\n<\/li>\n<li data-start=\"988\" data-end=\"1074\">\n<p data-start=\"990\" data-end=\"1074\"><strong data-start=\"990\" data-end=\"1027\">Tia n\u01b0\u1edbc m\u1ea1nh m\u1ebd, th\u01b0 gi\u00e3n t\u1ed1i \u0111a<\/strong><\/p>\n<\/li>\n<li data-start=\"1075\" data-end=\"1136\">\n<p data-start=\"1077\" data-end=\"1136\"><strong data-start=\"1077\" data-end=\"1133\">D\u1ec5 l\u1eafp \u0111\u1eb7t, t\u01b0\u01a1ng th\u00edch ti\u00eau chu\u1ea9n \u1ed1ng n\u01b0\u1edbc Vi\u1ec7t Nam<\/strong>.<\/p>\n<\/li>\n<\/ul>\n<p data-start=\"1138\" data-end=\"1288\">Sen c\u00e2y inox 304 \u0111\u00e1nh b\u00f3ng cao c\u1ea5p c\u1ee7a Ehrlich kh\u00f4ng ch\u1ec9 l\u00e0 thi\u1ebft b\u1ecb v\u1ec7 sinh, m\u00e0 c\u00f2n l\u00e0 \u0111i\u1ec3m nh\u1ea5n tinh t\u1ebf, n\u00e2ng t\u1ea7m \u0111\u1eb3ng c\u1ea5p cho ph\u00f2ng t\u1eafm gia \u0111\u00ecnh.<\/p>\n<p data-start=\"1290\" data-end=\"1387\">\ud83d\udc49 Tr\u1ea3i nghi\u1ec7m ngay s\u1ef1 kh\u00e1c bi\u1ec7t \u0111\u1ebfn t\u1eeb <strong data-start=\"1330\" data-end=\"1384\">Ehrlich \u2013 th\u01b0\u01a1ng hi\u1ec7u thi\u1ebft b\u1ecb v\u1ec7 sinh \u0110\u1ee9c cao c\u1ea5p<\/strong>.<\/p>\n","protected":false},"excerpt":{"rendered":"<p data-start=\"143\" data-end=\"366\"><span style=\"font-size: 14pt;\"><strong data-start=\"68\" data-end=\"114\">Sen c\u00e2y inox 304 \u0111\u00e1nh b\u00f3ng cao c\u1ea5p Ehrlich<\/strong> \u2013 l\u1ef1a ch\u1ecdn sang tr\u1ecdng cho ph\u00f2ng t\u1eafm hi\u1ec7n \u0111\u1ea1i.<\/span><br data-start=\"160\" data-end=\"163\" \/><span style=\"font-size: 14pt;\">S\u1ea3n ph\u1ea9m l\u00e0m t\u1eeb <strong data-start=\"179\" data-end=\"203\">inox 304<\/strong>, ch\u1ed1ng g\u1ec9 s\u00e9t, b\u1ec1n \u0111\u1eb9p v\u1edbi b\u1ec1 m\u1eb7t <strong data-start=\"238\" data-end=\"265\">\u0111\u00e1nh b\u00f3ng cao c\u1ea5p<\/strong> s\u00e1ng b\u00f3ng l\u00e2u d\u00e0i. Thi\u1ebft k\u1ebf tinh t\u1ebf, tia n\u01b0\u1edbc m\u1ea1nh m\u1ebd, mang \u0111\u1ebfn tr\u1ea3i nghi\u1ec7m t\u1eafm th\u01b0 gi\u00e3n chu\u1ea9n phong c\u00e1ch \u0110\u1ee9c.<\/span><\/p>\n","protected":false},"featured_media":2309,"comment_status":"open","ping_status":"closed","template":"","meta":{"_acf_changed":false},"product_brand":[139],"product_cat":[23,15,33],"product_tag":[],"class_list":{"0":"post-2334","1":"product","2":"type-product","3":"status-publish","4":"has-post-thumbnail","6":"product_brand-ehrlich","7":"product_cat-thiet-bi-phong-ve-sinh","8":"product_cat-san-pham","9":"product_cat-sen-cay","11":"first","12":"instock","13":"sale","14":"shipping-taxable","15":"purchasable","16":"product-type-simple"},"acf":[],"_links":{"self":[{"href":"https:\/\/ehrlichvietnam.vn\/en\/wp-json\/wp\/v2\/product\/2334","targetHints":{"allow":["GET"]}}],"collection":[{"href":"https:\/\/ehrlichvietnam.vn\/en\/wp-json\/wp\/v2\/product"}],"about":[{"href":"https:\/\/ehrlichvietnam.vn\/en\/wp-json\/wp\/v2\/types\/product"}],"replies":[{"embeddable":true,"href":"https:\/\/ehrlichvietnam.vn\/en\/wp-json\/wp\/v2\/comments?post=2334"}],"wp:featuredmedia":[{"embeddable":true,"href":"https:\/\/ehrlichvietnam.vn\/en\/wp-json\/wp\/v2\/media\/2309"}],"wp:attachment":[{"href":"https:\/\/ehrlichvietnam.vn\/en\/wp-json\/wp\/v2\/media?parent=2334"}],"wp:term":[{"taxonomy":"product_brand","embeddable":true,"href":"https:\/\/ehrlichvietnam.vn\/en\/wp-json\/wp\/v2\/product_brand?post=2334"},{"taxonomy":"product_cat","embeddable":true,"href":"https:\/\/ehrlichvietnam.vn\/en\/wp-json\/wp\/v2\/product_cat?post=2334"},{"taxonomy":"product_tag","embeddable":true,"href":"https:\/\/ehrlichvietnam.vn\/en\/wp-json\/wp\/v2\/product_tag?post=2334"}],"curies":[{"name":"wp","href":"https:\/\/api.w.org\/{rel}","templated":true}]}}