{"id":2265,"date":"2025-09-23T10:08:17","date_gmt":"2025-09-23T10:08:17","guid":{"rendered":"https:\/\/ehrlichvietnam.vn\/?post_type=product&#038;p=2265"},"modified":"2026-04-02T08:26:50","modified_gmt":"2026-04-02T08:26:50","slug":"voi-rua-bat-day-rut-ehr-vb30412l","status":"publish","type":"product","link":"https:\/\/ehrlichvietnam.vn\/voi-rua-bat-day-rut-ehr-vb30412l\/","title":{"rendered":"V\u00f2i r\u1eeda b\u00e1t EHR-30412L"},"content":{"rendered":"<h1 data-start=\"179\" data-end=\"248\">\ud83d\udeb0 V\u00f2i r\u1eeda b\u00e1t Ehrlich \u2013 Gi\u1ea3i ph\u00e1p ti\u1ec7n nghi cho c\u0103n b\u1ebfp hi\u1ec7n \u0111\u1ea1i<\/h1>\n<p data-start=\"250\" data-end=\"411\">V\u00f2i r\u1eeda b\u00e1t Ehrlich \u2013 thi\u1ebft k\u1ebf hi\u1ec7n \u0111\u1ea1i, b\u1ec1n b\u1ec9 chu\u1ea9n \u0110\u1ee9c, mang \u0111\u1ebfn s\u1ef1 ti\u1ec7n nghi v\u00e0 sang tr\u1ecdng cho kh\u00f4ng gian b\u1ebfp c\u1ee7a gia \u0111\u00ecnh b\u1ea1n.<\/p>\n<hr data-start=\"413\" data-end=\"416\" \/>\n<h2 data-start=\"418\" data-end=\"456\">\ud83c\udf1f Gi\u1edbi thi\u1ec7u v\u00f2i r\u1eeda b\u00e1t Ehrlich<\/h2>\n<p data-start=\"458\" data-end=\"701\">Trong c\u0103n b\u1ebfp hi\u1ec7n \u0111\u1ea1i, v\u00f2i r\u1eeda b\u00e1t kh\u00f4ng ch\u1ec9 l\u00e0 thi\u1ebft b\u1ecb ph\u1ee5 tr\u1ee3 m\u00e0 c\u00f2n g\u00f3p ph\u1ea7n t\u1ea1o n\u00ean s\u1ef1 ti\u1ec7n nghi v\u00e0 t\u00ednh th\u1ea9m m\u1ef9. V\u1edbi <strong data-start=\"582\" data-end=\"605\">v\u00f2i r\u1eeda b\u00e1t Ehrlich<\/strong>, gia \u0111\u00ecnh b\u1ea1n s\u1ebd c\u00f3 ngay m\u1ed9t gi\u1ea3i ph\u00e1p b\u1ec1n b\u1ec9, an to\u00e0n v\u00e0 tinh t\u1ebf, \u0111\u00fang chu\u1ea9n ch\u1ea5t l\u01b0\u1ee3ng \u0110\u1ee9c.<\/p>\n<hr data-start=\"703\" data-end=\"706\" \/>\n<h2 data-start=\"708\" data-end=\"752\">\ud83d\udebf V\u00ec sao n\u00ean ch\u1ecdn v\u00f2i r\u1eeda b\u00e1t Ehrlich?<\/h2>\n<ul data-start=\"754\" data-end=\"1139\">\n<li data-start=\"754\" data-end=\"842\">\n<p data-start=\"756\" data-end=\"842\"><strong data-start=\"756\" data-end=\"778\">Thi\u1ebft k\u1ebf hi\u1ec7n \u0111\u1ea1i:<\/strong> Ki\u1ec3u d\u00e1ng sang tr\u1ecdng, d\u1ec5 d\u00e0ng k\u1ebft h\u1ee3p v\u1edbi m\u1ecdi kh\u00f4ng gian b\u1ebfp.<\/p>\n<\/li>\n<li data-start=\"843\" data-end=\"935\">\n<p data-start=\"845\" data-end=\"935\"><strong data-start=\"845\" data-end=\"869\">Ti\u1ec7n nghi v\u01b0\u1ee3t tr\u1ed9i:<\/strong> Linh ho\u1ea1t khi s\u1eed d\u1ee5ng, \u0111\u00e1p \u1ee9ng nhu c\u1ea7u r\u1eeda \u2013 v\u1ec7 sinh h\u00e0ng ng\u00e0y.<\/p>\n<\/li>\n<li data-start=\"936\" data-end=\"1018\">\n<p data-start=\"938\" data-end=\"1018\"><strong data-start=\"938\" data-end=\"953\">\u0110\u1ed9 b\u1ec1n cao:<\/strong> S\u1ea3n xu\u1ea5t t\u1eeb v\u1eadt li\u1ec7u ch\u1ecdn l\u1ecdc, ch\u1ed1ng han g\u1ec9, tu\u1ed5i th\u1ecd l\u00e2u d\u00e0i.<\/p>\n<\/li>\n<li data-start=\"1019\" data-end=\"1139\">\n<p data-start=\"1021\" data-end=\"1139\"><strong data-start=\"1021\" data-end=\"1046\">Chu\u1ea9n phong c\u00e1ch \u0110\u1ee9c:<\/strong> M\u1ed7i chi ti\u1ebft \u0111\u1ec1u \u0111\u01b0\u1ee3c ho\u00e0n thi\u1ec7n t\u1ec9 m\u1ec9, \u0111\u1ea3m b\u1ea3o tr\u1ea3i nghi\u1ec7m tho\u1ea3i m\u00e1i nh\u1ea5t cho ng\u01b0\u1eddi d\u00f9ng.<\/p>\n<\/li>\n<\/ul>\n<hr data-start=\"1141\" data-end=\"1144\" \/>\n<h2 data-start=\"1146\" data-end=\"1189\">\ud83c\udfe1 L\u1ef1a ch\u1ecdn l\u00fd t\u01b0\u1edfng cho gia \u0111\u00ecnh Vi\u1ec7t<\/h2>\n<p data-start=\"1191\" data-end=\"1418\">D\u00f9 l\u00e0 c\u0103n h\u1ed9 chung c\u01b0, nh\u00e0 ph\u1ed1 hay bi\u1ec7t th\u1ef1, <strong data-start=\"1236\" data-end=\"1259\">v\u00f2i r\u1eeda b\u00e1t Ehrlich<\/strong> \u0111\u1ec1u mang l\u1ea1i s\u1ef1 h\u00e0i h\u00f2a, n\u00e2ng t\u1ea7m ti\u1ec7n nghi cho kh\u00f4ng gian b\u1ebfp. \u0110\u00e2y l\u00e0 l\u1ef1a ch\u1ecdn th\u00f4ng minh cho nh\u1eefng gia \u0111\u00ecnh mu\u1ed1n \u0111\u1ea7u t\u01b0 l\u00e2u d\u00e0i v\u00e0o ch\u1ea5t l\u01b0\u1ee3ng v\u00e0 th\u1ea9m m\u1ef9.<\/p>\n","protected":false},"excerpt":{"rendered":"<p>\ud83d\udeb0 V\u00f2i r\u1eeda b\u00e1t Ehrlich \u2013 Gi\u1ea3i ph\u00e1p ti\u1ec7n nghi cho c\u0103n b\u1ebfp hi\u1ec7n \u0111\u1ea1i V\u00f2i r\u1eeda b\u00e1t Ehrlich \u2013 thi\u1ebft k\u1ebf hi\u1ec7n \u0111\u1ea1i, b\u1ec1n b\u1ec9 chu\u1ea9n \u0110\u1ee9c, mang \u0111\u1ebfn s\u1ef1 ti\u1ec7n nghi v\u00e0 sang tr\u1ecdng cho kh\u00f4ng gian b\u1ebfp c\u1ee7a gia \u0111\u00ecnh b\u1ea1n. \ud83c\udf1f Gi\u1edbi thi\u1ec7u v\u00f2i r\u1eeda b\u00e1t Ehrlich Trong c\u0103n b\u1ebfp hi\u1ec7n [&hellip;]<\/p>\n","protected":false},"featured_media":4571,"comment_status":"open","ping_status":"closed","template":"","meta":{"_acf_changed":false},"product_brand":[],"product_cat":[15,44,84],"product_tag":[],"class_list":{"0":"post-2265","1":"product","2":"type-product","3":"status-publish","4":"has-post-thumbnail","6":"product_cat-san-pham","7":"product_cat-thiet-bi-phong-bep","8":"product_cat-voi-rua-bat","10":"first","11":"instock","12":"sale","13":"shipping-taxable","14":"purchasable","15":"product-type-simple"},"acf":[],"_links":{"self":[{"href":"https:\/\/ehrlichvietnam.vn\/en\/wp-json\/wp\/v2\/product\/2265","targetHints":{"allow":["GET"]}}],"collection":[{"href":"https:\/\/ehrlichvietnam.vn\/en\/wp-json\/wp\/v2\/product"}],"about":[{"href":"https:\/\/ehrlichvietnam.vn\/en\/wp-json\/wp\/v2\/types\/product"}],"replies":[{"embeddable":true,"href":"https:\/\/ehrlichvietnam.vn\/en\/wp-json\/wp\/v2\/comments?post=2265"}],"wp:featuredmedia":[{"embeddable":true,"href":"https:\/\/ehrlichvietnam.vn\/en\/wp-json\/wp\/v2\/media\/4571"}],"wp:attachment":[{"href":"https:\/\/ehrlichvietnam.vn\/en\/wp-json\/wp\/v2\/media?parent=2265"}],"wp:term":[{"taxonomy":"product_brand","embeddable":true,"href":"https:\/\/ehrlichvietnam.vn\/en\/wp-json\/wp\/v2\/product_brand?post=2265"},{"taxonomy":"product_cat","embeddable":true,"href":"https:\/\/ehrlichvietnam.vn\/en\/wp-json\/wp\/v2\/product_cat?post=2265"},{"taxonomy":"product_tag","embeddable":true,"href":"https:\/\/ehrlichvietnam.vn\/en\/wp-json\/wp\/v2\/product_tag?post=2265"}],"curies":[{"name":"wp","href":"https:\/\/api.w.org\/{rel}","templated":true}]}}