{"id":1527,"date":"2025-09-20T09:04:09","date_gmt":"2025-09-20T09:04:09","guid":{"rendered":"https:\/\/ehrlichvietnam.vn\/?post_type=product&#038;p=1527"},"modified":"2026-04-06T09:01:30","modified_gmt":"2026-04-06T09:01:30","slug":"tu-guong-cao-cap-tlg600-s296v","status":"publish","type":"product","link":"https:\/\/ehrlichvietnam.vn\/tu-guong-cao-cap-tlg600-s296v\/","title":{"rendered":"T\u1ee7 g\u01b0\u01a1ng cao c\u1ea5p TLG600-S296V"},"content":{"rendered":"<p data-start=\"90\" data-end=\"168\">\u2728 <strong data-start=\"92\" data-end=\"164\">T\u1ee7 ch\u1eadu ph\u00f2ng t\u1eafm Ehrlich \u2013 Gi\u1ea3i ph\u00e1p t\u1ed1i \u01b0u cho kh\u00f4ng gian hi\u1ec7n \u0111\u1ea1i<\/strong> \u2728<\/p>\n<p data-start=\"170\" data-end=\"414\">T\u1ee7 ch\u1eadu kh\u00f4ng ch\u1ec9 l\u00e0 n\u01a1i r\u1eeda m\u1eb7t, r\u1eeda tay, m\u00e0 c\u00f2n g\u00f3p ph\u1ea7n t\u1ea1o \u0111i\u1ec3m nh\u1ea5n th\u1ea9m m\u1ef9 cho c\u1ea3 ph\u00f2ng t\u1eafm. V\u1edbi <strong data-start=\"273\" data-end=\"345\">thi\u1ebft k\u1ebf \u0111a d\u1ea1ng k\u00edch th\u01b0\u1edbc, m\u00e0u s\u1eafc sang tr\u1ecdng v\u00e0 ch\u1ea5t li\u1ec7u cao c\u1ea5p<\/strong>, t\u1ee7 ch\u1eadu Ehrlich mang \u0111\u1ebfn s\u1ef1 l\u1ef1a ch\u1ecdn ho\u00e0n h\u1ea3o cho m\u1ecdi c\u00f4ng tr\u00ecnh.<\/p>\n<ul data-start=\"416\" data-end=\"727\">\n<li data-start=\"416\" data-end=\"528\">\n<p data-start=\"418\" data-end=\"528\"><strong data-start=\"418\" data-end=\"439\">Ch\u1ea5t li\u1ec7u b\u1ec1n b\u1ec9:<\/strong> Khung inox 304 ph\u1ee7 PVC ch\u1ed1ng \u1ea9m, ch\u1ed1ng m\u1ed1i m\u1ecdt; ch\u1eadu s\u1ee9 men AquaCeramic ch\u1ed1ng b\u00e1m b\u1ea9n.<\/p>\n<\/li>\n<li data-start=\"529\" data-end=\"617\">\n<p data-start=\"531\" data-end=\"617\"><strong data-start=\"531\" data-end=\"555\">Thi\u1ebft k\u1ebf th\u00f4ng minh:<\/strong> Nhi\u1ec1u k\u00edch th\u01b0\u1edbc 60\u2013100cm, ph\u00f9 h\u1ee3p c\u1ea3 ph\u00f2ng t\u1eafm nh\u1ecf v\u00e0 l\u1edbn.<\/p>\n<\/li>\n<li data-start=\"618\" data-end=\"727\">\n<p data-start=\"620\" data-end=\"727\"><strong data-start=\"620\" data-end=\"640\">Ti\u1ec7n \u00edch t\u1ed1i \u0111a:<\/strong> T\u1ee7 ch\u1ee9a \u0111\u1ed3 r\u1ed9ng r\u00e3i, ray b\u1ea3n l\u1ec1 gi\u1ea3m ch\u1ea5n, d\u1ec5 v\u1ec7 sinh, gi\u1eef kh\u00f4ng gian lu\u00f4n g\u1ecdn g\u00e0ng.<\/p>\n<\/li>\n<\/ul>\n<p data-start=\"729\" data-end=\"833\">\ud83d\udc49 T\u1ee7 ch\u1eadu Ehrlich \u2013 s\u1ef1 k\u1ebft h\u1ee3p gi\u1eefa <strong data-start=\"766\" data-end=\"790\">c\u00f4ng n\u0103ng v\u00e0 th\u1ea9m m\u1ef9<\/strong>, n\u00e2ng t\u1ea7m tr\u1ea3i nghi\u1ec7m ph\u00f2ng t\u1eafm c\u1ee7a b\u1ea1n.<\/p>\n","protected":false},"excerpt":{"rendered":"<p>\u2728 T\u1ee7 ch\u1eadu ph\u00f2ng t\u1eafm Ehrlich \u2013 Gi\u1ea3i ph\u00e1p t\u1ed1i \u01b0u cho kh\u00f4ng gian hi\u1ec7n \u0111\u1ea1i \u2728 T\u1ee7 ch\u1eadu kh\u00f4ng ch\u1ec9 l\u00e0 n\u01a1i r\u1eeda m\u1eb7t, r\u1eeda tay, m\u00e0 c\u00f2n g\u00f3p ph\u1ea7n t\u1ea1o \u0111i\u1ec3m nh\u1ea5n th\u1ea9m m\u1ef9 cho c\u1ea3 ph\u00f2ng t\u1eafm. V\u1edbi thi\u1ebft k\u1ebf \u0111a d\u1ea1ng k\u00edch th\u01b0\u1edbc, m\u00e0u s\u1eafc sang tr\u1ecdng v\u00e0 ch\u1ea5t li\u1ec7u cao [&hellip;]<\/p>\n","protected":false},"featured_media":3765,"comment_status":"open","ping_status":"closed","template":"","meta":{"_acf_changed":false},"product_brand":[139],"product_cat":[23,38,15],"product_tag":[],"class_list":{"0":"post-1527","1":"product","2":"type-product","3":"status-publish","4":"has-post-thumbnail","6":"product_brand-ehrlich","7":"product_cat-thiet-bi-phong-ve-sinh","8":"product_cat-tu-chau-lavabo","9":"product_cat-san-pham","11":"first","12":"instock","13":"sale","14":"shipping-taxable","15":"purchasable","16":"product-type-simple"},"acf":[],"_links":{"self":[{"href":"https:\/\/ehrlichvietnam.vn\/en\/wp-json\/wp\/v2\/product\/1527","targetHints":{"allow":["GET"]}}],"collection":[{"href":"https:\/\/ehrlichvietnam.vn\/en\/wp-json\/wp\/v2\/product"}],"about":[{"href":"https:\/\/ehrlichvietnam.vn\/en\/wp-json\/wp\/v2\/types\/product"}],"replies":[{"embeddable":true,"href":"https:\/\/ehrlichvietnam.vn\/en\/wp-json\/wp\/v2\/comments?post=1527"}],"wp:featuredmedia":[{"embeddable":true,"href":"https:\/\/ehrlichvietnam.vn\/en\/wp-json\/wp\/v2\/media\/3765"}],"wp:attachment":[{"href":"https:\/\/ehrlichvietnam.vn\/en\/wp-json\/wp\/v2\/media?parent=1527"}],"wp:term":[{"taxonomy":"product_brand","embeddable":true,"href":"https:\/\/ehrlichvietnam.vn\/en\/wp-json\/wp\/v2\/product_brand?post=1527"},{"taxonomy":"product_cat","embeddable":true,"href":"https:\/\/ehrlichvietnam.vn\/en\/wp-json\/wp\/v2\/product_cat?post=1527"},{"taxonomy":"product_tag","embeddable":true,"href":"https:\/\/ehrlichvietnam.vn\/en\/wp-json\/wp\/v2\/product_tag?post=1527"}],"curies":[{"name":"wp","href":"https:\/\/api.w.org\/{rel}","templated":true}]}}