{"id":1315,"date":"2025-09-19T16:37:18","date_gmt":"2025-09-19T16:37:18","guid":{"rendered":"https:\/\/ehrlichvietnam.vn\/?post_type=product&#038;p=1315"},"modified":"2026-04-06T09:03:39","modified_gmt":"2026-04-06T09:03:39","slug":"bon-cau-lien-khoi-ehr-b580","status":"publish","type":"product","link":"https:\/\/ehrlichvietnam.vn\/bon-cau-lien-khoi-ehr-b580\/","title":{"rendered":"B\u1ed3n c\u1ea7u li\u1ec1n kh\u1ed1i EHR-B580"},"content":{"rendered":"<table style=\"border-collapse: collapse; width: 100%; height: 133px;\">\n<tbody>\n<tr style=\"height: 13px;\">\n<td style=\"height: 13px; width: 99.8973%;\" height=\"18\">\ud83d\udebd B\u1ec7t li\u1ec1n kh\u1ed1i Ehrlich \u2013 \u0111\u1eb3ng c\u1ea5p ph\u00f2ng t\u1eafm chu\u1ea9n \u0110\u1ee9c \u2728<\/td>\n<\/tr>\n<tr style=\"height: 24px;\">\n<td style=\"width: 99.8973%; height: 24px;\">\u2705 Thi\u1ebft k\u1ebf li\u1ec1n kh\u1ed1i sang tr\u1ecdng \u2013 g\u1ecdn g\u00e0ng, tinh t\u1ebf<\/td>\n<\/tr>\n<tr style=\"height: 24px;\">\n<td style=\"width: 99.8973%; height: 24px;\">\ud83d\udca7 X\u1ea3 xo\u00e1y k\u1ebft h\u1ee3p x\u1ea3 \u0111\u1ea9y \u2013 cu\u1ed1n tr\u00f4i s\u1ea1ch m\u1ecdi v\u1ebft b\u1ea9n, ti\u1ebft ki\u1ec7m n\u01b0\u1edbc<\/td>\n<\/tr>\n<tr style=\"height: 24px;\">\n<td style=\"width: 99.8973%; height: 24px;\">\ud83d\udee1\ufe0f Men Aquaceramic ch\u1ed1ng b\u00e1m b\u1ea9n \u2013 lu\u00f4n s\u1ea1ch b\u00f3ng nh\u01b0 m\u1edbi<\/td>\n<\/tr>\n<tr style=\"height: 24px;\">\n<td style=\"width: 99.8973%; height: 24px;\">\ud83d\udd07 X\u1ea3 \u00eam \u00e1i, kh\u00f4ng g\u00e2y ti\u1ebfng \u1ed3n \u2013 tho\u1ea3i m\u00e1i m\u1ecdi th\u1eddi \u0111i\u1ec3m<\/td>\n<\/tr>\n<tr style=\"height: 24px;\">\n<td style=\"width: 99.8973%; height: 24px;\">\ud83d\udc49 L\u1ef1a ch\u1ecdn ho\u00e0n h\u1ea3o cho ph\u00f2ng t\u1eafm<\/td>\n<\/tr>\n<\/tbody>\n<\/table>\n<p>&nbsp;<\/p>\n","protected":false},"excerpt":{"rendered":"<p>\ud83d\udebd B\u1ec7t li\u1ec1n kh\u1ed1i Ehrlich \u2013 \u0111\u1eb3ng c\u1ea5p ph\u00f2ng t\u1eafm chu\u1ea9n \u0110\u1ee9c \u2728 \u2705 Thi\u1ebft k\u1ebf li\u1ec1n kh\u1ed1i sang tr\u1ecdng \u2013 g\u1ecdn g\u00e0ng, tinh t\u1ebf \ud83d\udca7 X\u1ea3 xo\u00e1y k\u1ebft h\u1ee3p x\u1ea3 \u0111\u1ea9y \u2013 cu\u1ed1n tr\u00f4i s\u1ea1ch m\u1ecdi v\u1ebft b\u1ea9n, ti\u1ebft ki\u1ec7m n\u01b0\u1edbc \ud83d\udee1\ufe0f Men Aquaceramic ch\u1ed1ng b\u00e1m b\u1ea9n \u2013 lu\u00f4n s\u1ea1ch b\u00f3ng nh\u01b0 m\u1edbi \ud83d\udd07 [&hellip;]<\/p>\n","protected":false},"featured_media":1320,"comment_status":"open","ping_status":"closed","template":"","meta":{"_acf_changed":false},"product_brand":[139],"product_cat":[23,15,35],"product_tag":[],"class_list":{"0":"post-1315","1":"product","2":"type-product","3":"status-publish","4":"has-post-thumbnail","6":"product_brand-ehrlich","7":"product_cat-thiet-bi-phong-ve-sinh","8":"product_cat-san-pham","9":"product_cat-bon-cau","11":"first","12":"instock","13":"sale","14":"shipping-taxable","15":"purchasable","16":"product-type-simple"},"acf":[],"_links":{"self":[{"href":"https:\/\/ehrlichvietnam.vn\/en\/wp-json\/wp\/v2\/product\/1315","targetHints":{"allow":["GET"]}}],"collection":[{"href":"https:\/\/ehrlichvietnam.vn\/en\/wp-json\/wp\/v2\/product"}],"about":[{"href":"https:\/\/ehrlichvietnam.vn\/en\/wp-json\/wp\/v2\/types\/product"}],"replies":[{"embeddable":true,"href":"https:\/\/ehrlichvietnam.vn\/en\/wp-json\/wp\/v2\/comments?post=1315"}],"wp:featuredmedia":[{"embeddable":true,"href":"https:\/\/ehrlichvietnam.vn\/en\/wp-json\/wp\/v2\/media\/1320"}],"wp:attachment":[{"href":"https:\/\/ehrlichvietnam.vn\/en\/wp-json\/wp\/v2\/media?parent=1315"}],"wp:term":[{"taxonomy":"product_brand","embeddable":true,"href":"https:\/\/ehrlichvietnam.vn\/en\/wp-json\/wp\/v2\/product_brand?post=1315"},{"taxonomy":"product_cat","embeddable":true,"href":"https:\/\/ehrlichvietnam.vn\/en\/wp-json\/wp\/v2\/product_cat?post=1315"},{"taxonomy":"product_tag","embeddable":true,"href":"https:\/\/ehrlichvietnam.vn\/en\/wp-json\/wp\/v2\/product_tag?post=1315"}],"curies":[{"name":"wp","href":"https:\/\/api.w.org\/{rel}","templated":true}]}}